{"id":2222,"date":"2024-03-14T16:47:31","date_gmt":"2024-03-14T16:47:31","guid":{"rendered":"https:\/\/vikstore.hu\/?page_id=2222"},"modified":"2024-03-14T16:49:13","modified_gmt":"2024-03-14T16:49:13","slug":"blogs","status":"publish","type":"page","link":"https:\/\/vikstore.hu\/hu\/blogs\/","title":{"rendered":"Blogs"},"content":{"rendered":"<div data-elementor-type=\"wp-page\" data-elementor-id=\"2222\" class=\"elementor elementor-2222\">\n\t\t\t\t\t\t<section class=\"elementor-section elementor-top-section elementor-element elementor-element-5f02e45 elementor-hidden-desktop elementor-hidden-tablet elementor-hidden-mobile elementor-section-boxed elementor-section-height-default elementor-section-height-default\" data-id=\"5f02e45\" data-element_type=\"section\" data-e-type=\"section\" data-settings=\"{&quot;background_background&quot;:&quot;classic&quot;}\">\n\t\t\t\t\t\t<div class=\"elementor-container elementor-column-gap-no\">\n\t\t\t\t\t<div class=\"elementor-column elementor-col-100 elementor-top-column elementor-element elementor-element-60799122\" data-id=\"60799122\" data-element_type=\"column\" data-e-type=\"column\">\n\t\t\t<div class=\"elementor-widget-wrap elementor-element-populated\">\n\t\t\t\t\t\t<section class=\"elementor-section elementor-inner-section elementor-element elementor-element-172372b5 elementor-section-boxed elementor-section-height-default elementor-section-height-default\" data-id=\"172372b5\" data-element_type=\"section\" data-e-type=\"section\">\n\t\t\t\t\t\t<div class=\"elementor-container elementor-column-gap-wider\">\n\t\t\t\t\t<div class=\"elementor-column elementor-col-50 elementor-inner-column elementor-element elementor-element-5a981bde\" data-id=\"5a981bde\" data-element_type=\"column\" data-e-type=\"column\">\n\t\t\t<div class=\"elementor-widget-wrap elementor-element-populated\">\n\t\t\t\t\t\t<div class=\"elementor-element elementor-element-621c540d elementor-widget elementor-widget-heading\" data-id=\"621c540d\" data-element_type=\"widget\" data-e-type=\"widget\" data-widget_type=\"heading.default\">\n\t\t\t\t<div class=\"elementor-widget-container\">\n\t\t\t\t\t<h2 class=\"elementor-heading-title elementor-size-default\">Our Blog<\/h2>\t\t\t\t<\/div>\n\t\t\t\t<\/div>\n\t\t\t\t<div class=\"elementor-element elementor-element-3ea77941 elementor-widget elementor-widget-heading\" data-id=\"3ea77941\" data-element_type=\"widget\" data-e-type=\"widget\" data-widget_type=\"heading.default\">\n\t\t\t\t<div class=\"elementor-widget-container\">\n\t\t\t\t\t<h2 class=\"elementor-heading-title elementor-size-default\">Read Latest Our Articles<\/h2>\t\t\t\t<\/div>\n\t\t\t\t<\/div>\n\t\t\t\t\t<\/div>\n\t\t<\/div>\n\t\t\t\t<div class=\"elementor-column elementor-col-50 elementor-inner-column elementor-element elementor-element-4c9c0bde elementor-hidden-mobile\" data-id=\"4c9c0bde\" data-element_type=\"column\" data-e-type=\"column\">\n\t\t\t<div class=\"elementor-widget-wrap elementor-element-populated\">\n\t\t\t\t\t\t<div class=\"elementor-element elementor-element-af10baf elementor-align-right elementor-widget elementor-widget-button\" data-id=\"af10baf\" data-element_type=\"widget\" data-e-type=\"widget\" data-widget_type=\"button.default\">\n\t\t\t\t<div class=\"elementor-widget-container\">\n\t\t\t\t\t\t\t\t\t<div class=\"elementor-button-wrapper\">\n\t\t\t\t\t<a class=\"elementor-button elementor-button-link elementor-size-sm\" href=\"#\">\n\t\t\t\t\t\t<span class=\"elementor-button-content-wrapper\">\n\t\t\t\t\t\t<span class=\"elementor-button-icon\">\n\t\t\t\t<i aria-hidden=\"true\" class=\"fas fa-long-arrow-alt-right\"><\/i>\t\t\t<\/span>\n\t\t\t\t\t\t\t\t\t<span class=\"elementor-button-text\">All articles<\/span>\n\t\t\t\t\t<\/span>\n\t\t\t\t\t<\/a>\n\t\t\t\t<\/div>\n\t\t\t\t\t\t\t\t<\/div>\n\t\t\t\t<\/div>\n\t\t\t\t\t<\/div>\n\t\t<\/div>\n\t\t\t\t\t<\/div>\n\t\t<\/section>\n\t\t\t\t<section class=\"elementor-section elementor-inner-section elementor-element elementor-element-7f546e1d elementor-section-boxed elementor-section-height-default elementor-section-height-default\" data-id=\"7f546e1d\" data-element_type=\"section\" data-e-type=\"section\">\n\t\t\t\t\t\t<div class=\"elementor-container elementor-column-gap-wider\">\n\t\t\t\t\t<div class=\"elementor-column elementor-col-100 elementor-inner-column elementor-element elementor-element-214edb95\" data-id=\"214edb95\" data-element_type=\"column\" data-e-type=\"column\">\n\t\t\t<div class=\"elementor-widget-wrap elementor-element-populated\">\n\t\t\t\t\t\t<div class=\"elementor-element elementor-element-71c4a5fc elementor-posts--align-left elementor-grid-2 elementor-posts--thumbnail-left elementor-hidden-tablet elementor-hidden-mobile elementor-grid-tablet-2 elementor-grid-mobile-1 elementor-widget elementor-widget-posts\" data-id=\"71c4a5fc\" data-element_type=\"widget\" data-e-type=\"widget\" data-settings=\"{&quot;classic_row_gap&quot;:{&quot;unit&quot;:&quot;px&quot;,&quot;size&quot;:0,&quot;sizes&quot;:[]},&quot;classic_columns&quot;:&quot;2&quot;,&quot;classic_columns_tablet&quot;:&quot;2&quot;,&quot;classic_columns_mobile&quot;:&quot;1&quot;,&quot;classic_row_gap_tablet&quot;:{&quot;unit&quot;:&quot;px&quot;,&quot;size&quot;:&quot;&quot;,&quot;sizes&quot;:[]},&quot;classic_row_gap_mobile&quot;:{&quot;unit&quot;:&quot;px&quot;,&quot;size&quot;:&quot;&quot;,&quot;sizes&quot;:[]}}\" data-widget_type=\"posts.classic\">\n\t\t\t\t<div class=\"elementor-widget-container\">\n\t\t\t\t\t\t\t<div class=\"elementor-posts-container elementor-posts elementor-posts--skin-classic elementor-grid\">\n\t\t\t\t<article class=\"elementor-post elementor-grid-item post-2179 post type-post status-publish format-standard has-post-thumbnail hentry category-nft-non-fungible-tokens tag-creating tag-digital tag-tips\">\n\t\t\t\t<a class=\"elementor-post__thumbnail__link\" href=\"https:\/\/vikstore.hu\/hu\/creating-your-own-nft\/\" >\n\t\t\t<div class=\"elementor-post__thumbnail\"><img fetchpriority=\"high\" decoding=\"async\" width=\"1024\" height=\"1024\" src=\"https:\/\/vikstore.hu\/wp-content\/uploads\/2024\/03\/DALL\u00b7E-2024-03-14-17.25.12-A-Hungarian-artist-sits-in-a-minimalist-work-corner-of-their-modern-home-lightly-decorated-with-a-few-Hungarian-motifs.-The-artist-is-working-on-a-sl.jpg\" class=\"attachment-full size-full wp-image-2200\" alt=\"\" srcset=\"https:\/\/vikstore.hu\/wp-content\/uploads\/2024\/03\/DALL\u00b7E-2024-03-14-17.25.12-A-Hungarian-artist-sits-in-a-minimalist-work-corner-of-their-modern-home-lightly-decorated-with-a-few-Hungarian-motifs.-The-artist-is-working-on-a-sl.jpg 1024w, https:\/\/vikstore.hu\/wp-content\/uploads\/2024\/03\/DALL\u00b7E-2024-03-14-17.25.12-A-Hungarian-artist-sits-in-a-minimalist-work-corner-of-their-modern-home-lightly-decorated-with-a-few-Hungarian-motifs.-The-artist-is-working-on-a-sl-300x300.jpg 300w, https:\/\/vikstore.hu\/wp-content\/uploads\/2024\/03\/DALL\u00b7E-2024-03-14-17.25.12-A-Hungarian-artist-sits-in-a-minimalist-work-corner-of-their-modern-home-lightly-decorated-with-a-few-Hungarian-motifs.-The-artist-is-working-on-a-sl-150x150.jpg 150w, https:\/\/vikstore.hu\/wp-content\/uploads\/2024\/03\/DALL\u00b7E-2024-03-14-17.25.12-A-Hungarian-artist-sits-in-a-minimalist-work-corner-of-their-modern-home-lightly-decorated-with-a-few-Hungarian-motifs.-The-artist-is-working-on-a-sl-768x768.jpg 768w, https:\/\/vikstore.hu\/wp-content\/uploads\/2024\/03\/DALL\u00b7E-2024-03-14-17.25.12-A-Hungarian-artist-sits-in-a-minimalist-work-corner-of-their-modern-home-lightly-decorated-with-a-few-Hungarian-motifs.-The-artist-is-working-on-a-sl-12x12.jpg 12w\" sizes=\"(max-width: 1024px) 100vw, 1024px\" \/><\/div>\n\t\t<\/a>\n\t\t\t\t<div class=\"elementor-post__text\">\n\t\t\t\t<h3 class=\"elementor-post__title\">\n\t\t\t<a href=\"https:\/\/vikstore.hu\/hu\/creating-your-own-nft\/\" >\n\t\t\t\tCreating your own NFT\t\t\t<\/a>\n\t\t<\/h3>\n\t\t\t\t<div class=\"elementor-post__meta-data\">\n\t\t\t\t\t<span class=\"elementor-post-author\">\n\t\t\tOlyus Viktoria\t\t<\/span>\n\t\t\t\t<span class=\"elementor-post-date\">\n\t\t\tm\u00e1rcius 14, 2024\t\t<\/span>\n\t\t\t\t<\/div>\n\t\t\t\t<\/div>\n\t\t\t\t<\/article>\n\t\t\t\t<\/div>\n\t\t\n\t\t\t\t\t\t<\/div>\n\t\t\t\t<\/div>\n\t\t\t\t<div class=\"elementor-element elementor-element-45267c7d elementor-posts--align-left elementor-grid-2 elementor-hidden-desktop elementor-grid-tablet-2 elementor-grid-mobile-1 elementor-posts--thumbnail-top elementor-widget elementor-widget-posts\" data-id=\"45267c7d\" data-element_type=\"widget\" data-e-type=\"widget\" data-settings=\"{&quot;classic_row_gap&quot;:{&quot;unit&quot;:&quot;px&quot;,&quot;size&quot;:0,&quot;sizes&quot;:[]},&quot;classic_columns&quot;:&quot;2&quot;,&quot;classic_columns_tablet&quot;:&quot;2&quot;,&quot;classic_columns_mobile&quot;:&quot;1&quot;,&quot;classic_row_gap_tablet&quot;:{&quot;unit&quot;:&quot;px&quot;,&quot;size&quot;:&quot;&quot;,&quot;sizes&quot;:[]},&quot;classic_row_gap_mobile&quot;:{&quot;unit&quot;:&quot;px&quot;,&quot;size&quot;:&quot;&quot;,&quot;sizes&quot;:[]}}\" data-widget_type=\"posts.classic\">\n\t\t\t\t<div class=\"elementor-widget-container\">\n\t\t\t\t\t\t\t<div class=\"elementor-posts-container elementor-posts elementor-posts--skin-classic elementor-grid\">\n\t\t\t\t<article class=\"elementor-post elementor-grid-item post-2179 post type-post status-publish format-standard has-post-thumbnail hentry category-nft-non-fungible-tokens tag-creating tag-digital tag-tips\">\n\t\t\t\t<a class=\"elementor-post__thumbnail__link\" href=\"https:\/\/vikstore.hu\/hu\/creating-your-own-nft\/\" >\n\t\t\t<div class=\"elementor-post__thumbnail\"><img fetchpriority=\"high\" decoding=\"async\" width=\"1024\" height=\"1024\" src=\"https:\/\/vikstore.hu\/wp-content\/uploads\/2024\/03\/DALL\u00b7E-2024-03-14-17.25.12-A-Hungarian-artist-sits-in-a-minimalist-work-corner-of-their-modern-home-lightly-decorated-with-a-few-Hungarian-motifs.-The-artist-is-working-on-a-sl.jpg\" class=\"attachment-full size-full wp-image-2200\" alt=\"\" srcset=\"https:\/\/vikstore.hu\/wp-content\/uploads\/2024\/03\/DALL\u00b7E-2024-03-14-17.25.12-A-Hungarian-artist-sits-in-a-minimalist-work-corner-of-their-modern-home-lightly-decorated-with-a-few-Hungarian-motifs.-The-artist-is-working-on-a-sl.jpg 1024w, https:\/\/vikstore.hu\/wp-content\/uploads\/2024\/03\/DALL\u00b7E-2024-03-14-17.25.12-A-Hungarian-artist-sits-in-a-minimalist-work-corner-of-their-modern-home-lightly-decorated-with-a-few-Hungarian-motifs.-The-artist-is-working-on-a-sl-300x300.jpg 300w, https:\/\/vikstore.hu\/wp-content\/uploads\/2024\/03\/DALL\u00b7E-2024-03-14-17.25.12-A-Hungarian-artist-sits-in-a-minimalist-work-corner-of-their-modern-home-lightly-decorated-with-a-few-Hungarian-motifs.-The-artist-is-working-on-a-sl-150x150.jpg 150w, https:\/\/vikstore.hu\/wp-content\/uploads\/2024\/03\/DALL\u00b7E-2024-03-14-17.25.12-A-Hungarian-artist-sits-in-a-minimalist-work-corner-of-their-modern-home-lightly-decorated-with-a-few-Hungarian-motifs.-The-artist-is-working-on-a-sl-768x768.jpg 768w, https:\/\/vikstore.hu\/wp-content\/uploads\/2024\/03\/DALL\u00b7E-2024-03-14-17.25.12-A-Hungarian-artist-sits-in-a-minimalist-work-corner-of-their-modern-home-lightly-decorated-with-a-few-Hungarian-motifs.-The-artist-is-working-on-a-sl-12x12.jpg 12w\" sizes=\"(max-width: 1024px) 100vw, 1024px\" \/><\/div>\n\t\t<\/a>\n\t\t\t\t<div class=\"elementor-post__text\">\n\t\t\t\t<h3 class=\"elementor-post__title\">\n\t\t\t<a href=\"https:\/\/vikstore.hu\/hu\/creating-your-own-nft\/\" >\n\t\t\t\tCreating your own NFT\t\t\t<\/a>\n\t\t<\/h3>\n\t\t\t\t<div class=\"elementor-post__meta-data\">\n\t\t\t\t\t<span class=\"elementor-post-author\">\n\t\t\tOlyus Viktoria\t\t<\/span>\n\t\t\t\t<span class=\"elementor-post-date\">\n\t\t\tm\u00e1rcius 14, 2024\t\t<\/span>\n\t\t\t\t<\/div>\n\t\t\t\t<\/div>\n\t\t\t\t<\/article>\n\t\t\t\t<\/div>\n\t\t\n\t\t\t\t\t\t<\/div>\n\t\t\t\t<\/div>\n\t\t\t\t\t<\/div>\n\t\t<\/div>\n\t\t\t\t\t<\/div>\n\t\t<\/section>\n\t\t\t\t\t<\/div>\n\t\t<\/div>\n\t\t\t\t\t<\/div>\n\t\t<\/section>\n\t\t\t\t<\/div>","protected":false},"excerpt":{"rendered":"<p>Our Blog Read Latest Our Articles All articles<\/p>","protected":false},"author":2,"featured_media":0,"parent":0,"menu_order":0,"comment_status":"closed","ping_status":"closed","template":"","meta":{"footnotes":""},"class_list":["post-2222","page","type-page","status-publish","hentry"],"yoast_head":"<!-- This site is optimized with the Yoast SEO Premium plugin v20.7 (Yoast SEO v27.3) - https:\/\/yoast.com\/product\/yoast-seo-premium-wordpress\/ -->\n<title>Blogs - VikStore<\/title>\n<meta name=\"robots\" content=\"index, follow, max-snippet:-1, max-image-preview:large, max-video-preview:-1\" \/>\n<link rel=\"canonical\" href=\"https:\/\/vikstore.hu\/hu\/blogs\/\" \/>\n<meta property=\"og:locale\" content=\"hu_HU\" \/>\n<meta property=\"og:type\" content=\"article\" \/>\n<meta property=\"og:title\" content=\"Blogs\" \/>\n<meta property=\"og:description\" content=\"Our Blog Read Latest Our Articles All articles\" \/>\n<meta property=\"og:url\" content=\"https:\/\/vikstore.hu\/hu\/blogs\/\" \/>\n<meta property=\"og:site_name\" content=\"VikStore\" \/>\n<meta property=\"article:modified_time\" content=\"2024-03-14T16:49:13+00:00\" \/>\n<meta name=\"twitter:card\" content=\"summary_large_image\" \/>\n<meta name=\"twitter:label1\" content=\"Becs\u00fclt olvas\u00e1si id\u0151\" \/>\n\t<meta name=\"twitter:data1\" content=\"1 perc\" \/>\n<script type=\"application\/ld+json\" class=\"yoast-schema-graph\">{\"@context\":\"https:\\\/\\\/schema.org\",\"@graph\":[{\"@type\":\"WebPage\",\"@id\":\"https:\\\/\\\/vikstore.hu\\\/blogs\\\/\",\"url\":\"https:\\\/\\\/vikstore.hu\\\/blogs\\\/\",\"name\":\"Blogs - VikStore\",\"isPartOf\":{\"@id\":\"https:\\\/\\\/vikstore.hu\\\/#website\"},\"datePublished\":\"2024-03-14T16:47:31+00:00\",\"dateModified\":\"2024-03-14T16:49:13+00:00\",\"breadcrumb\":{\"@id\":\"https:\\\/\\\/vikstore.hu\\\/blogs\\\/#breadcrumb\"},\"inLanguage\":\"hu\",\"potentialAction\":[{\"@type\":\"ReadAction\",\"target\":[\"https:\\\/\\\/vikstore.hu\\\/blogs\\\/\"]}]},{\"@type\":\"BreadcrumbList\",\"@id\":\"https:\\\/\\\/vikstore.hu\\\/blogs\\\/#breadcrumb\",\"itemListElement\":[{\"@type\":\"ListItem\",\"position\":1,\"name\":\"Kezd\u0151lap\",\"item\":\"https:\\\/\\\/vikstore.hu\\\/\"},{\"@type\":\"ListItem\",\"position\":2,\"name\":\"Blogs\"}]},{\"@type\":\"WebSite\",\"@id\":\"https:\\\/\\\/vikstore.hu\\\/#website\",\"url\":\"https:\\\/\\\/vikstore.hu\\\/\",\"name\":\"VikStore\",\"description\":\"Unique NFT ArtWork\",\"potentialAction\":[{\"@type\":\"SearchAction\",\"target\":{\"@type\":\"EntryPoint\",\"urlTemplate\":\"https:\\\/\\\/vikstore.hu\\\/?s={search_term_string}\"},\"query-input\":{\"@type\":\"PropertyValueSpecification\",\"valueRequired\":true,\"valueName\":\"search_term_string\"}}],\"inLanguage\":\"hu\"}]}<\/script>\n<!-- \/ Yoast SEO Premium plugin. -->","yoast_head_json":{"title":"Blogs - VikStore","robots":{"index":"index","follow":"follow","max-snippet":"max-snippet:-1","max-image-preview":"max-image-preview:large","max-video-preview":"max-video-preview:-1"},"canonical":"https:\/\/vikstore.hu\/hu\/blogs\/","og_locale":"hu_HU","og_type":"article","og_title":"Blogs","og_description":"Our Blog Read Latest Our Articles All articles","og_url":"https:\/\/vikstore.hu\/hu\/blogs\/","og_site_name":"VikStore","article_modified_time":"2024-03-14T16:49:13+00:00","twitter_card":"summary_large_image","twitter_misc":{"Becs\u00fclt olvas\u00e1si id\u0151":"1 perc"},"schema":{"@context":"https:\/\/schema.org","@graph":[{"@type":"WebPage","@id":"https:\/\/vikstore.hu\/blogs\/","url":"https:\/\/vikstore.hu\/blogs\/","name":"Blogs - VikStore","isPartOf":{"@id":"https:\/\/vikstore.hu\/#website"},"datePublished":"2024-03-14T16:47:31+00:00","dateModified":"2024-03-14T16:49:13+00:00","breadcrumb":{"@id":"https:\/\/vikstore.hu\/blogs\/#breadcrumb"},"inLanguage":"hu","potentialAction":[{"@type":"ReadAction","target":["https:\/\/vikstore.hu\/blogs\/"]}]},{"@type":"BreadcrumbList","@id":"https:\/\/vikstore.hu\/blogs\/#breadcrumb","itemListElement":[{"@type":"ListItem","position":1,"name":"Kezd\u0151lap","item":"https:\/\/vikstore.hu\/"},{"@type":"ListItem","position":2,"name":"Blogs"}]},{"@type":"WebSite","@id":"https:\/\/vikstore.hu\/#website","url":"https:\/\/vikstore.hu\/","name":"VikStore","description":"Egyedi NFT alkot\u00e1sok","potentialAction":[{"@type":"SearchAction","target":{"@type":"EntryPoint","urlTemplate":"https:\/\/vikstore.hu\/?s={search_term_string}"},"query-input":{"@type":"PropertyValueSpecification","valueRequired":true,"valueName":"search_term_string"}}],"inLanguage":"hu"}]}},"_links":{"self":[{"href":"https:\/\/vikstore.hu\/hu\/wp-json\/wp\/v2\/pages\/2222","targetHints":{"allow":["GET"]}}],"collection":[{"href":"https:\/\/vikstore.hu\/hu\/wp-json\/wp\/v2\/pages"}],"about":[{"href":"https:\/\/vikstore.hu\/hu\/wp-json\/wp\/v2\/types\/page"}],"author":[{"embeddable":true,"href":"https:\/\/vikstore.hu\/hu\/wp-json\/wp\/v2\/users\/2"}],"replies":[{"embeddable":true,"href":"https:\/\/vikstore.hu\/hu\/wp-json\/wp\/v2\/comments?post=2222"}],"version-history":[{"count":5,"href":"https:\/\/vikstore.hu\/hu\/wp-json\/wp\/v2\/pages\/2222\/revisions"}],"predecessor-version":[{"id":2230,"href":"https:\/\/vikstore.hu\/hu\/wp-json\/wp\/v2\/pages\/2222\/revisions\/2230"}],"wp:attachment":[{"href":"https:\/\/vikstore.hu\/hu\/wp-json\/wp\/v2\/media?parent=2222"}],"curies":[{"name":"wp","href":"https:\/\/api.w.org\/{rel}","templated":true}]}}